{"id":77,"date":"2024-12-13T09:31:16","date_gmt":"2024-12-13T08:31:16","guid":{"rendered":"https:\/\/tddk.de\/hsb\/?page_id=77"},"modified":"2024-12-13T09:31:16","modified_gmt":"2024-12-13T08:31:16","slug":"wukublanje","status":"publish","type":"page","link":"https:\/\/tddk.de\/hsb\/wukublanje\/","title":{"rendered":"Wukub\u0142anje"},"content":{"rendered":"<h3>M\u00f3\u017enos\u0107e wukub\u0142anja<\/h3>\n<ul>\n<li><a href=\"#anker1\">mechatronikar *ka<\/a><\/li>\n<li><a href=\"#anker2\">mechanikar *ka lijernje<\/a><\/li>\n<li><a href=\"#anker3\">industrijowy p\u0159ekupc *\u010da<\/a><\/li>\n<li><a href=\"#anker4\">KIA-studij mechatronika<\/a><\/li>\n<li><a href=\"#anker5\">BA-studij hospodarstwo<\/a><\/li>\n<li><a href=\"#anker6\">BA-studij informatika<\/a><\/li>\n<\/ul>\n<div>\n<h3><strong>P\u0159edstajenje: <\/strong><\/h3>\n<\/div>\n<div id=\"anker1\"><a href=\"https:\/\/tddk.de\/hsb\/wp-content\/uploads\/sites\/4\/2024\/12\/ausbildung5-1.jpg\"><img loading=\"lazy\" decoding=\"async\" class=\"aligncenter size-full wp-image-97\" src=\"https:\/\/tddk.de\/hsb\/wp-content\/uploads\/sites\/4\/2024\/12\/ausbildung5-1.jpg\" alt=\"TDDK - mechatronikar *ka\" width=\"2266\" height=\"828\" srcset=\"https:\/\/tddk.de\/hsb\/wp-content\/uploads\/sites\/4\/2024\/12\/ausbildung5-1.jpg 2266w, https:\/\/tddk.de\/hsb\/wp-content\/uploads\/sites\/4\/2024\/12\/ausbildung5-1-300x110.jpg 300w, https:\/\/tddk.de\/hsb\/wp-content\/uploads\/sites\/4\/2024\/12\/ausbildung5-1-1024x374.jpg 1024w, https:\/\/tddk.de\/hsb\/wp-content\/uploads\/sites\/4\/2024\/12\/ausbildung5-1-768x281.jpg 768w, https:\/\/tddk.de\/hsb\/wp-content\/uploads\/sites\/4\/2024\/12\/ausbildung5-1-1536x561.jpg 1536w, https:\/\/tddk.de\/hsb\/wp-content\/uploads\/sites\/4\/2024\/12\/ausbildung5-1-2048x748.jpg 2048w, https:\/\/tddk.de\/hsb\/wp-content\/uploads\/sites\/4\/2024\/12\/ausbildung5-1-624x228.jpg 624w\" sizes=\"auto, (max-width: 2266px) 100vw, 2266px\" \/><\/a><\/div>\n<h3><strong>Mechatronikar*ka<\/strong><\/h3>\n<p>Ty zajimuje\u0161 so za mechaniku, elektriku a elektroniku? Potom je to runje twoja w\u011bc. Z mechaniskich a elektroniskich wobstatkow twari\u0161 kompleksne mechatroniske systemy. Hotowe p\u0159iprawy d\u017a\u011b\u0142a\u0161 a program\u011bruje\u0161 je.<\/p>\n<p><strong>\u0160to \u010dini\u0161 jako mechatronikar*ka?<\/strong><\/p>\n<p>Tu trjechitej dwaj sw\u011btaj na so: metal a elektro. Twoje d\u017a\u011b\u0142o jako mechatronikar je twarjenje systemow, kotre\u017e wobsteja z mechaniskich ka\u017e te\u017e elektroniskich a informaciskich twarskich d\u017a\u011blow.<\/p>\n<p>Paslenje zapo\u010dina so ze studijom \u0161altowanskich planow a konstrukciskich rysowankow. Dale d\u017ae z wobd\u017a\u011b\u0142anjom metalow, kotre\u017e so po wod\u017aenjach zatwarjeja a z powodami zwjer\u0107a, tak zo nastanje wulki cy\u0142k. Na k\u00f3ncu steji zawod a b\u011b\u017ena kontrola za w\u011bsty a bjezporo\u010dny zawod jako jednotliwe p\u0159iprawjenje abo jako wobstatk kompleksnych produkciskich linijow.<\/p>\n<p>Wjele \u010dini\u0107 potajkim, ale za to bjez k\u00f3nca wotm\u011bny!<\/p>\n<p><strong>\u0160to trjeba\u0161 jako mechatronikar*ka?<\/strong><\/p>\n<ul>\n<li>Ty ma\u0161 jara dobre realno\u0161ulske zak\u00f3n\u010denje.<\/li>\n<li>Ma\u0161 dobre znamki w matematice a fyzice.<\/li>\n<li>Ty ma\u0161 zda\u0107e wo p\u0159ed\u017a\u011b\u0142anju datow a informatice.<\/li>\n<li>Ma\u0161 techniske zrozumjenje.<\/li>\n<li>Ty sy rjemjeslnisce wu\u0161ikna*ny.<\/li>\n<li>Ty sy na elektrotechnice a elektronice zajimowany.<\/li>\n<li>Ty sy dobry teamplayer.<\/li>\n<\/ul>\n<div id=\"anker2\">;<a href=\"https:\/\/tddk.de\/hsb\/wp-content\/uploads\/sites\/4\/2024\/12\/ausbildung2.jpg\"><img loading=\"lazy\" decoding=\"async\" class=\"aligncenter size-full wp-image-100\" src=\"https:\/\/tddk.de\/hsb\/wp-content\/uploads\/sites\/4\/2024\/12\/ausbildung2.jpg\" alt=\"TDDK - Mechanikar*ka lijernje\" width=\"2276\" height=\"832\" srcset=\"https:\/\/tddk.de\/hsb\/wp-content\/uploads\/sites\/4\/2024\/12\/ausbildung2.jpg 2276w, https:\/\/tddk.de\/hsb\/wp-content\/uploads\/sites\/4\/2024\/12\/ausbildung2-300x110.jpg 300w, https:\/\/tddk.de\/hsb\/wp-content\/uploads\/sites\/4\/2024\/12\/ausbildung2-1024x374.jpg 1024w, https:\/\/tddk.de\/hsb\/wp-content\/uploads\/sites\/4\/2024\/12\/ausbildung2-768x281.jpg 768w, https:\/\/tddk.de\/hsb\/wp-content\/uploads\/sites\/4\/2024\/12\/ausbildung2-1536x561.jpg 1536w, https:\/\/tddk.de\/hsb\/wp-content\/uploads\/sites\/4\/2024\/12\/ausbildung2-2048x749.jpg 2048w, https:\/\/tddk.de\/hsb\/wp-content\/uploads\/sites\/4\/2024\/12\/ausbildung2-624x228.jpg 624w\" sizes=\"auto, (max-width: 2276px) 100vw, 2276px\" \/><\/a><\/div>\n<p>&nbsp;<\/p>\n<h3>Mechanikar*ka lijernje<\/h3>\n<p>Twoje d\u017a\u011b\u0142o jako lijerski mechanikar wop\u0159ija \u0161kr\u011b\u0107e horcych metalow a zhotowjenje le\u0107atych d\u017a\u011blow, kotre\u017e na\u0161e \u017eiwjenje w\u0161ud\u017ae p\u0159ewod\u017aeja. P\u0142a\u0107i te\u017e p\u0159i najwjet\u0161ej horco\u0107e ch\u0142\u00f3dnu h\u0142owu wobchowa\u0107.<\/p>\n<p>Le\u0107e zapo\u010dina so z b\u011b\u017eitym wu\u017eiwanjom metala a zhotowjenjom ka\u017e te\u017e p\u0159ihotowanjom formy. Poprawne le\u0107e p\u0159ewozmu wulce moderne lijerske p\u0159iprawy, kotre\u017e pos\u0142u\u017euje\u0161, dohladuje\u0161 a program\u011bruje\u0161. Po woch\u0142\u00f3dnjenju d\u017a\u011blow so rohod\u017aiki d\u017a\u011bla, na kwalitu pruwuja a za dal\u0161e wobd\u017a\u011b\u0142anje p\u0159ihotuja.<\/p>\n<p><strong>\u0160to trjeba\u0161 jako lijerski mechanikar*ka?<\/strong><\/p>\n<p>By najl\u011bpje dyrbja\u0142 tute kmanos\u0107e a talenty sobu do wukub\u0142anja wza\u0107:<\/p>\n<ul>\n<li>Wusp\u011b\u0161ne h\u0142owno\u0161ulske abo realno\u0161ulske zak\u00f3n\u010denje<\/li>\n<li>Matematiske, fyzikaliske a techniske zrozumjenje<\/li>\n<li>Sw\u011bdomite a dok\u0142adne d\u017a\u011b\u0142o<\/li>\n<li>Rjemjeslniska wu\u0161iknos\u0107<\/li>\n<li>Zamo\u0142witos\u0107, spu\u0161\u0107omnos\u0107 a teamplayer<\/li>\n<\/ul>\n<p>&nbsp;<\/p>\n<div id=\"anker3\"><a href=\"https:\/\/tddk.de\/hsb\/wp-content\/uploads\/sites\/4\/2024\/12\/ausbildung4.jpg\"><img loading=\"lazy\" decoding=\"async\" class=\"aligncenter size-full wp-image-98\" src=\"https:\/\/tddk.de\/hsb\/wp-content\/uploads\/sites\/4\/2024\/12\/ausbildung4.jpg\" alt=\"TDDK - Industrijna p\u0159ekupc*\u010da\" width=\"2266\" height=\"822\" srcset=\"https:\/\/tddk.de\/hsb\/wp-content\/uploads\/sites\/4\/2024\/12\/ausbildung4.jpg 2266w, https:\/\/tddk.de\/hsb\/wp-content\/uploads\/sites\/4\/2024\/12\/ausbildung4-300x109.jpg 300w, https:\/\/tddk.de\/hsb\/wp-content\/uploads\/sites\/4\/2024\/12\/ausbildung4-1024x371.jpg 1024w, https:\/\/tddk.de\/hsb\/wp-content\/uploads\/sites\/4\/2024\/12\/ausbildung4-768x279.jpg 768w, https:\/\/tddk.de\/hsb\/wp-content\/uploads\/sites\/4\/2024\/12\/ausbildung4-1536x557.jpg 1536w, https:\/\/tddk.de\/hsb\/wp-content\/uploads\/sites\/4\/2024\/12\/ausbildung4-2048x743.jpg 2048w, https:\/\/tddk.de\/hsb\/wp-content\/uploads\/sites\/4\/2024\/12\/ausbildung4-624x226.jpg 624w\" sizes=\"auto, (max-width: 2266px) 100vw, 2266px\" \/><\/a><\/div>\n<h3><strong>Industrijna p\u0159ekupc*\u010da<\/strong><\/h3>\n<p>specialist\u00a0 w planowanju produkcije a strategiskim nakupje<\/p>\n<p>D\u017a\u011b\u0142a\u0161 rady na li\u010daku a tola te\u017e w teamje, zajimuje\u0161 so za hospodarstwo a tworowe pohiby?<\/p>\n<p><strong>\u0160to \u010dini\u0161 jako industrijowa p\u0159ekup\u010da?<\/strong><\/p>\n<p>Tw\u00f3j d\u017a\u011b\u0142o jako industrijowa p\u0159ekup\u010da zapo\u010dina so ze zezna\u0107om zawodnych wotb\u011bhow a z skutkowanjom w\u0161itkich wob\u0142ukow do wulkeho cy\u0142ka. Zeznaje\u0161 wobchad\u017aenje z kompleksnymi ERP-programami, jeje na\u0142o\u017eowanje a zwjazanja w p\u0159edewza\u0107u. Pola nas bud\u017ae\u0161 specialist za pohiby tworow, wot dochada tworow ha\u010d k rozp\u00f3s\u0142anju. M\u00f3\u017ee\u0161 k\u00f3\u017edy \u010das informowa\u0107, kotry produkt je hd\u017ae a w kotrej li\u010dbje k dispoziciji.<\/p>\n<p>D\u017a\u011b\u0142a\u0161 rady z li\u010dbami, datami, faktami a z kolegami a chce\u0161 rady wotm\u011bnu.<\/p>\n<p><strong>\u0160to trjeba\u0161 jako industrijowa p\u0159ekup\u010da?<\/strong><\/p>\n<ul>\n<li>Ma\u0161 dobre do jara dobre realno\u0161ulske zak\u00f3n\u010denje.<\/li>\n<li>Ty ma\u0161 dobre znamki w n\u011bm\u010dinje, jend\u017ael\u0161\u0107inje a matematice.<\/li>\n<li>Ty ma\u0161 zda\u0107e wo p\u0159ed\u017a\u011b\u0142anju datow.<\/li>\n<li>Ma\u0161 wjeselo we wobchad\u017ae z kolegami a kupcami.<\/li>\n<li>Ty sy dobry teamplayer.<\/li>\n<\/ul>\n<p>&nbsp;<\/p>\n<div id=\"anker4\"><a href=\"https:\/\/tddk.de\/hsb\/wp-content\/uploads\/sites\/4\/2024\/12\/ausbildung6.jpg\"><img loading=\"lazy\" decoding=\"async\" class=\"aligncenter size-full wp-image-96\" src=\"https:\/\/tddk.de\/hsb\/wp-content\/uploads\/sites\/4\/2024\/12\/ausbildung6.jpg\" alt=\"TDDK - KIA-studij mechatronika\" width=\"2268\" height=\"830\" srcset=\"https:\/\/tddk.de\/hsb\/wp-content\/uploads\/sites\/4\/2024\/12\/ausbildung6.jpg 2268w, https:\/\/tddk.de\/hsb\/wp-content\/uploads\/sites\/4\/2024\/12\/ausbildung6-300x110.jpg 300w, https:\/\/tddk.de\/hsb\/wp-content\/uploads\/sites\/4\/2024\/12\/ausbildung6-1024x375.jpg 1024w, https:\/\/tddk.de\/hsb\/wp-content\/uploads\/sites\/4\/2024\/12\/ausbildung6-768x281.jpg 768w, https:\/\/tddk.de\/hsb\/wp-content\/uploads\/sites\/4\/2024\/12\/ausbildung6-1536x562.jpg 1536w, https:\/\/tddk.de\/hsb\/wp-content\/uploads\/sites\/4\/2024\/12\/ausbildung6-2048x749.jpg 2048w, https:\/\/tddk.de\/hsb\/wp-content\/uploads\/sites\/4\/2024\/12\/ausbildung6-624x228.jpg 624w\" sizes=\"auto, (max-width: 2268px) 100vw, 2268px\" \/><\/a><\/div>\n<h3><strong>KIA-studij mechatronika<\/strong><\/h3>\n<p>Za w\u0161itkich maturantow, kot\u0159i\u017e za \u010das studija wuski kontakt k hospodarstwu pytaja, je dualny studij idealna forma wukub\u0142anja. Praktiske fazy wotm\u011bnjeja so z teorijowymi fazami studija.<\/p>\n<p>Wum\u011bnjeni za dualny studij stej abitura abo zra\u0142os\u0107 za fachowu wysoku \u0161ulu a wukub\u0142anske zr\u011b\u010denje z p\u0159edewza\u0107om, kotre\u017e w tutym modelu wukub\u0142uje. Hdy\u017e chce\u0161 teoriju a praksu klewer zwjaza\u0107, potom je to twoja \u0161ansa!<\/p>\n<p><strong>Kooperatiwny studij z integrowanym wukub\u0142anjom (KIA) \u2013 \u201eDas Shuttle-Prinzip\u201c<\/strong><\/p>\n<p>Tu namaka\u0161 wysoko\u0161ulski studij z integrowanym powo\u0142anskim wukub\u0142anjom, kotre\u017e teoriju a praksu jara intensiwnje zwjazuje. W b\u011bhu 5 l\u011bt docp\u011bje\u0161 powo\u0142anske ka\u017e te\u017e wotzamknjenje studija.<\/p>\n<p><strong>KIA je wukub\u0142anje integrowany dualny wysoko\u0161ulski studij z dw\u011bmaj wotzamknjenjomaj:<\/strong><\/p>\n<ul>\n<li>Fachowi d\u017a\u011b\u0142a\u0107erjo (z komornym pruwowanjom IHK) a<\/li>\n<li>Wysoko\u0161ulske zak\u00f3n\u010denje (bachelor resp. diplom).<\/li>\n<li>Zdobywa\u0161 potajkim w skr\u00f3t\u0161enym wukub\u0142anju po dw\u011b a po\u0142 l\u011b\u0107e z pruwowanjom p\u0159ed IHK wotzamknjenje fachoweho d\u017a\u011b\u0142a\u0107erja a ma\u0161 po dal\u0161im dw\u011bmaj resp. dw\u011b a po\u0142 l\u011b\u0107e wysoko\u0161ulske zak\u00f3n\u010denje w zaku.<\/li>\n<\/ul>\n<p><strong>\u0160to \u010dini\u0161 jako in\u017eenjer?<\/strong><\/p>\n<p>Twoje d\u017a\u011b\u0142o jako in\u017eenjer je permanentne dalewuwi\u0107e wobstejacych systemow a p\u0159iprawow ka\u017e te\u017e jich p\u0159im\u011brjenje p\u0159e\u0107am kupcow na najwy\u0161im niwowje.<\/p>\n<p>Jako zak\u0142ad d\u00f3stanje\u0161 solidne powo\u0142anske wukub\u0142anje jako mechatronikar ze w\u0161\u011bmi teoretiskimi a praktiskimi wobsahami, s\u0107\u011bhowane wot wysoko\u0161ulskeho studija. Nowe wu\u017eadanja \u017eadaja sej wot tebje wysoke analytiske kmanos\u0107e, techniske zrozumjenje k zwjazanju zhotowjenskich postupowanjow po hospodarskich aspektach ha\u010d k p\u0159epoda\u0107u na produkciju.<\/p>\n<p><strong>\u0160to trjeba\u0161 jako p\u0159ichodny in\u017eenjer?<\/strong><\/p>\n<ul>\n<li>Ma\u0161 dobre gymnazialne zak\u00f3n\u010denje.<\/li>\n<li>Ma\u0161 wysoke matematiske, fyzikaliske a techniske zrozumjenje.<\/li>\n<li>Ma\u0161 dobre znajomos\u0107e jend\u017ael\u0161\u0107iny.<\/li>\n<li>Ma\u0161 rumnostnu p\u0159edstawu.<\/li>\n<li>Ty sy rjemjeslnisce wu\u0161ikny*a.<\/li>\n<li>Sy sw\u011bdomity a spu\u0161\u0107omny.<\/li>\n<li>Ty d\u017a\u011b\u0142a\u0161 rady w teamje.<\/li>\n<\/ul>\n<p>&nbsp;<\/p>\n<div id=\"anker5\"><a href=\"https:\/\/tddk.de\/hsb\/wp-content\/uploads\/sites\/4\/2024\/12\/ausbildung7.jpg\"><img loading=\"lazy\" decoding=\"async\" class=\"aligncenter size-full wp-image-95\" src=\"https:\/\/tddk.de\/hsb\/wp-content\/uploads\/sites\/4\/2024\/12\/ausbildung7.jpg\" alt=\"TDDK - BA-studij hospodarstwo\" width=\"2268\" height=\"826\" srcset=\"https:\/\/tddk.de\/hsb\/wp-content\/uploads\/sites\/4\/2024\/12\/ausbildung7.jpg 2268w, https:\/\/tddk.de\/hsb\/wp-content\/uploads\/sites\/4\/2024\/12\/ausbildung7-300x109.jpg 300w, https:\/\/tddk.de\/hsb\/wp-content\/uploads\/sites\/4\/2024\/12\/ausbildung7-1024x373.jpg 1024w, https:\/\/tddk.de\/hsb\/wp-content\/uploads\/sites\/4\/2024\/12\/ausbildung7-768x280.jpg 768w, https:\/\/tddk.de\/hsb\/wp-content\/uploads\/sites\/4\/2024\/12\/ausbildung7-1536x559.jpg 1536w, https:\/\/tddk.de\/hsb\/wp-content\/uploads\/sites\/4\/2024\/12\/ausbildung7-2048x746.jpg 2048w, https:\/\/tddk.de\/hsb\/wp-content\/uploads\/sites\/4\/2024\/12\/ausbildung7-624x227.jpg 624w\" sizes=\"auto, (max-width: 2268px) 100vw, 2268px\" \/><\/a><\/div>\n<h3><strong>BA-studij hospodarstwo<\/strong><\/h3>\n<p>Za w\u0161itkich maturantow, kot\u0159i\u017e za \u010das studija wuski kontakt k hospodarstwu pytaja, je dualny studij idealna forma wukub\u0142anja. Praktiske fazy wotm\u011bnjeja so z teorijowymi fazami studija.<\/p>\n<p>Wum\u011bnjeni za dualny studij stej abitura abo zra\u0142os\u0107 za fachowu wysoku \u0161ulu a wukub\u0142anske zr\u011b\u010denje z p\u0159edewza\u0107om, kotre\u017e w tutym modelu wukub\u0142uje. Hdy\u017e chce\u0161 teoriju a praksu klewer zwjaza\u0107, potom je to twoja \u0161ansa!<\/p>\n<p><strong>Powo\u0142anska akademija \u2013 \u201eTrochu hina\u0161i studij\u201c<\/strong><\/p>\n<p>Tu so w t\u0159il\u011btnym studiju intensiwnje na swoju powo\u0142ansku d\u017a\u011b\u0142awos\u0107 p\u0159ihotuje\u0161. P\u0159ez wuske sple\u0107enje teorije a praksy njeposr\u011bdkuje powo\u0142anska akademija zhromadnje z p\u0159edewza\u0107emi jeno\u017e powo\u0142anjakmanos\u0107 ale te\u017e wu\u0161iknos\u0107.<\/p>\n<p><strong>\u0160to \u010dini\u0161 jako produkciski planowar?<\/strong><\/p>\n<p>Twoje d\u017a\u011b\u0142o jako produkciski planowar je dok\u0142adna organizacija zhotowjenskich nadawkow. Wuchad\u017aejo ze skazankow kupcow woth\u0142osuje\u0161 potrjebu tr\u011bbnych materialijow z wobstejacymi wobstatkami, p\u0159edewza\u0161 skazanki a koordinuje\u0161 skazanki z druhimi wotrjadami, dodawarjemi a kupcami.<\/p>\n<p><strong>\u0160to trjeba\u0161 jako planowar produkcije?<\/strong><\/p>\n<ul>\n<li>Ma\u0161 dobre gymnazialne zak\u00f3n\u010denje.<\/li>\n<li>Ty ma\u0161 wysoke matematiske a analytiske zrozumjenje.<\/li>\n<li>Ma\u0161 dobre znajomos\u0107e jend\u017ael\u0161\u0107iny.<\/li>\n<li>Ty organizuje\u0161 a komunikuje\u0161 rady z lud\u017aimi.<\/li>\n<li>Sy sw\u011bdomity a spu\u0161\u0107omny.<\/li>\n<li>Ty d\u017a\u011b\u0142a\u0161 rady w teamje.<\/li>\n<\/ul>\n<h3><\/h3>\n<div id=\"anker6\">\n<h3><strong>BA-studij informatika<\/strong><\/h3>\n<\/div>\n<p>Hospodarski informatikar je specialist na mjezy mjez IT-na\u0142o\u017eowanjemi a zawodnohospodarskej organizaciju.<\/p>\n<p><strong>\u010cas<\/strong><\/p>\n<ul>\n<li>Studij na powo\u0142anskej akademiji Budy\u0161in<\/li>\n<li>36 m\u011bsacow ze zm\u011bnu mjez powo\u0142anskej akademiju a p\u0159edewza\u0107emi<\/li>\n<\/ul>\n<p><strong>Wobsahi<\/strong><\/p>\n<ul>\n<li>Zak\u0142ady zawodneho hospodarstwa a wukonowe wob\u0142uki p\u0159edewza\u0107ow<\/li>\n<li>Zak\u0142ady program\u011browanja a zestajenja informatiskich sr\u011bdkow<\/li>\n<li>Zak\u0142ady techniki ma\u0107iznow ze zak\u0142adami wobd\u017a\u011b\u0142anja a p\u0159ed\u017a\u011b\u0142anja metala.<\/li>\n<li>Zak\u0142ady wod\u017aenskeje a regulowanskeje techniki, wubrane zhotowjenske metody<\/li>\n<\/ul>\n<p>Posr\u011bdkowanje zak\u0142adneje w\u011bdy stanje so na BA w Budy\u0161inje. Hi\u017eo wot spo\u010datka s\u0107e d\u017a\u011bl teama a zeznajomni\u0107e so ze zamo\u0142witymi nadawkami. Kompetentny a m\u0142ody team Was p\u0159ewod\u017aa a podp\u011bruje:<\/p>\n<p><strong>P\u0159iswojenju wukub\u0142anskich wobsahow<\/strong><\/p>\n<ul>\n<li>p\u0159iswojenju techniskich a p\u0159ekupskich kmanos\u0107ow a kmanos\u0107ow za zaw\u011bs\u0107enje<\/li>\n<li>procesowych wotb\u011bhow w produkciji<\/li>\n<li>planowanju a woth\u0142osowanju d\u017a\u011b\u0142oweho sl\u011bda<\/li>\n<li>w\u011bstemu wobchad\u017aenju z na\u0161ej ERP-software<\/li>\n<\/ul>\n<p><strong>\u0160ulske wum\u011bnjenja<\/strong><\/p>\n<ul>\n<li>wusp\u011b\u0161ne dobre abiturne zak\u00f3n\u010denje, alternatiwnje wusp\u011b\u0161nje wotzamknjene powo\u0142anske wukub\u0142anje<\/li>\n<li>dobre znajomos\u0107e w MS Office<\/li>\n<li>dobre, na\u0142o\u017eujomne znajomos\u0107e jend\u017ael\u0161\u0107iny<\/li>\n<li>wotewrjene komunikatiwne wa\u0161nje a wjeselo p\u0159i d\u017a\u011ble w teamje<\/li>\n<\/ul>\n<p><strong>Nadawki a jich specifika w p\u0159edewza\u0107u w na\u0161im IT-wob\u0142uku<\/strong><\/p>\n<ul>\n<li>Podp\u011bra p\u0159i p\u0159im\u011brjenju IT-procesow w cy\u0142ym p\u0159edewza\u0107u<\/li>\n<li>Podp\u011bra p\u0159i digitalizaciji a awtomatizaciji k zwy\u0161enju wub\u011bd\u017aowanjakmanos\u0107e<\/li>\n<li>Podp\u011bra p\u0159i hladanju w\u0161\u011bch wu\u017eiwarjow w p\u0159edewza\u0107u<\/li>\n<li>Zw\u011bs\u0107enje potrjeby a woth\u0142osowanje nowych IT-rozrisanjow direktnje z wu\u017eiwarjemi<\/li>\n<\/ul>\n","protected":false},"excerpt":{"rendered":"<p>M\u00f3\u017enos\u0107e wukub\u0142anja mechatronikar *ka mechanikar *ka lijernje industrijowy p\u0159ekupc *\u010da KIA-studij mechatronika BA-studij hospodarstwo BA-studij informatika P\u0159edstajenje: Mechatronikar*ka Ty zajimuje\u0161 so za mechaniku, elektriku a elektroniku? Potom je to runje twoja w\u011bc. Z mechaniskich a elektroniskich wobstatkow twari\u0161 kompleksne mechatroniske systemy. Hotowe p\u0159iprawy d\u017a\u011b\u0142a\u0161 a program\u011bruje\u0161 je. \u0160to \u010dini\u0161 jako mechatronikar*ka? Tu trjechitej dwaj sw\u011btaj [&hellip;]<\/p>\n","protected":false},"author":4,"featured_media":78,"parent":0,"menu_order":0,"comment_status":"closed","ping_status":"closed","template":"","meta":{"_acf_changed":false,"footnotes":""},"class_list":["post-77","page","type-page","status-publish","has-post-thumbnail","hentry"],"acf":[],"_links":{"self":[{"href":"https:\/\/tddk.de\/hsb\/wp-json\/wp\/v2\/pages\/77","targetHints":{"allow":["GET"]}}],"collection":[{"href":"https:\/\/tddk.de\/hsb\/wp-json\/wp\/v2\/pages"}],"about":[{"href":"https:\/\/tddk.de\/hsb\/wp-json\/wp\/v2\/types\/page"}],"author":[{"embeddable":true,"href":"https:\/\/tddk.de\/hsb\/wp-json\/wp\/v2\/users\/4"}],"replies":[{"embeddable":true,"href":"https:\/\/tddk.de\/hsb\/wp-json\/wp\/v2\/comments?post=77"}],"version-history":[{"count":8,"href":"https:\/\/tddk.de\/hsb\/wp-json\/wp\/v2\/pages\/77\/revisions"}],"predecessor-version":[{"id":108,"href":"https:\/\/tddk.de\/hsb\/wp-json\/wp\/v2\/pages\/77\/revisions\/108"}],"wp:featuredmedia":[{"embeddable":true,"href":"https:\/\/tddk.de\/hsb\/wp-json\/wp\/v2\/media\/78"}],"wp:attachment":[{"href":"https:\/\/tddk.de\/hsb\/wp-json\/wp\/v2\/media?parent=77"}],"curies":[{"name":"wp","href":"https:\/\/api.w.org\/{rel}","templated":true}]}}