{"id":71,"date":"2024-11-23T12:54:51","date_gmt":"2024-11-23T11:54:51","guid":{"rendered":"https:\/\/tddk.de\/hsb\/?page_id=71"},"modified":"2024-11-23T12:54:51","modified_gmt":"2024-11-23T11:54:51","slug":"stejnisco","status":"publish","type":"page","link":"https:\/\/tddk.de\/hsb\/stejnisco\/","title":{"rendered":"Stejni\u0161\u0107o"},"content":{"rendered":"<p>Na\u0161e stejni\u0161\u0107o je w Nadr\u00f3znej hrabowce m\u011bsta Njed\u017aichowa, blisko Lessingoweho m\u011bsta Kamjenc. Docp\u011bjomni smy ze sewjera p\u0159ichad\u017aejo p\u0159ez A13, ze w\u0161\u011bch druhich sm\u011brow p\u0159ez A4.<\/p>\n<h3>Ze sm\u011bra Berlina \/ Berlinskeho wobkruha:<\/h3>\n<p>Poj\u011bd\u017a\u0107e na A13 do sm\u011bra na Drje\u017ed\u017aany. Pasuj\u0107e t\u0159ir\u00f3\u017ek B\u0142\u00f3ta dale na A13. Wopu\u0161\u0107\u0107e awtodr\u00f3hu p\u0159i p\u0159izamkni\u0161\u0107u Ruhland a zawin\u0107e nal\u011bwo na B169. P\u0159i p\u0159ichodnym amplowym k\u0159i\u017eowani\u0161\u0107u wotbo\u010d\u0107e naprawo a s\u0107\u011bhuj\u0107e h\u0142ownej dr\u00f3ze ha\u010d do Njed\u017aichowa. P\u0159i amplowym k\u0159i\u017eowani\u0161\u0107u we wsy wotpo\u010d\u0107e nal\u011bwo na B97. S\u0107\u011bhuj\u0107e dr\u00f3hu ha\u010d k wotb\u00f3\u010dce do Kamjenca (S94, wotb\u00f3\u010dka naprawo kr\u00f3tko p\u0159ed wjesnym wuchodom). S\u0107\u011bhuj\u0107e dr\u00f3hu a m\u011br\u0107e so direktnje na na\u0161 zawod (nal\u011bwo).<\/p>\n<h3>Ze sm\u011bra Drje\u017ed\u017aan resp. P\u00f3lskeje:<\/h3>\n<p>Wopu\u0161\u0107\u0107e A4 p\u0159i wotj\u011bzd\u017ae Porchow a j\u011bd\u017ae\u0107e naprawo na S94 do sm\u011bra na Kamjenc \/ Wojerecy. S\u0107\u011bhuj\u0107e dr\u00f3hu nimo Kamjenca (runjewon p\u0159ez amplowe k\u0159i\u017eowani\u0161\u0107o) a nimo wotb\u00f3\u010dki Nadr\u00f3zneje Hrabowki. Po mos\u0107e na prawej stronje nas na\u0144d\u017ae\u0107e.<\/p>\n<h3>Ze zjawnymi wobchadnymi sr\u011bdkami<\/h3>\n<p>Wot julija 2019 je zastani\u0161\u0107o \u201eNadr\u00f3zna hrabowka TDDK\u201c direktnje p\u0159i zawodowym parkowani\u0161\u0107u. Pos\u0142u\u017euje so wot plus-linije 531 we VVO mjez Kamjencom a \u0141utami. Wjacore razy w\u0161\u011bdnje zwjazuje busowa linija TDDK z dw\u00f3rni\u0161\u0107om w Kamjencu, hd\u017ae\u017e ma\u0107e p\u0159izamknjenje k regionalnym \u017eeleznicam do Drje\u017ed\u017aan.<\/p>\n<p>J\u011bzbne plany w p\u0159ehled\u017ae: <a href=\"https:\/\/www.vvo-online.de\/de\/fahrplan\/fahrplanbuch\/linien?line=531\" target=\"_blank\" rel=\"noopener\">Link k zwjazowacej informaciji VVO<\/a><\/p>\n<p><a href=\"https:\/\/tddk.de\/hsb\/wp-content\/uploads\/sites\/4\/2024\/11\/company_get_here.jpg\"><img loading=\"lazy\" decoding=\"async\" class=\"aligncenter size-full wp-image-74\" src=\"https:\/\/tddk.de\/hsb\/wp-content\/uploads\/sites\/4\/2024\/11\/company_get_here.jpg\" alt=\"TDDK - stejni\u0161\u0107o\" width=\"1845\" height=\"1285\" srcset=\"https:\/\/tddk.de\/hsb\/wp-content\/uploads\/sites\/4\/2024\/11\/company_get_here.jpg 1845w, https:\/\/tddk.de\/hsb\/wp-content\/uploads\/sites\/4\/2024\/11\/company_get_here-300x209.jpg 300w, https:\/\/tddk.de\/hsb\/wp-content\/uploads\/sites\/4\/2024\/11\/company_get_here-1024x713.jpg 1024w, https:\/\/tddk.de\/hsb\/wp-content\/uploads\/sites\/4\/2024\/11\/company_get_here-768x535.jpg 768w, https:\/\/tddk.de\/hsb\/wp-content\/uploads\/sites\/4\/2024\/11\/company_get_here-1536x1070.jpg 1536w, https:\/\/tddk.de\/hsb\/wp-content\/uploads\/sites\/4\/2024\/11\/company_get_here-624x435.jpg 624w\" sizes=\"auto, (max-width: 1845px) 100vw, 1845px\" \/><\/a><\/p>\n<p>&nbsp;<\/p>\n","protected":false},"excerpt":{"rendered":"<p>Na\u0161e stejni\u0161\u0107o je w Nadr\u00f3znej hrabowce m\u011bsta Njed\u017aichowa, blisko Lessingoweho m\u011bsta Kamjenc. Docp\u011bjomni smy ze sewjera p\u0159ichad\u017aejo p\u0159ez A13, ze w\u0161\u011bch druhich sm\u011brow p\u0159ez A4. Ze sm\u011bra Berlina \/ Berlinskeho wobkruha: Poj\u011bd\u017a\u0107e na A13 do sm\u011bra na Drje\u017ed\u017aany. Pasuj\u0107e t\u0159ir\u00f3\u017ek B\u0142\u00f3ta dale na A13. Wopu\u0161\u0107\u0107e awtodr\u00f3hu p\u0159i p\u0159izamkni\u0161\u0107u Ruhland a zawin\u0107e nal\u011bwo na B169. P\u0159i [&hellip;]<\/p>\n","protected":false},"author":4,"featured_media":76,"parent":0,"menu_order":3,"comment_status":"closed","ping_status":"closed","template":"","meta":{"_acf_changed":false,"footnotes":""},"class_list":["post-71","page","type-page","status-publish","has-post-thumbnail","hentry"],"acf":[],"_links":{"self":[{"href":"https:\/\/tddk.de\/hsb\/wp-json\/wp\/v2\/pages\/71","targetHints":{"allow":["GET"]}}],"collection":[{"href":"https:\/\/tddk.de\/hsb\/wp-json\/wp\/v2\/pages"}],"about":[{"href":"https:\/\/tddk.de\/hsb\/wp-json\/wp\/v2\/types\/page"}],"author":[{"embeddable":true,"href":"https:\/\/tddk.de\/hsb\/wp-json\/wp\/v2\/users\/4"}],"replies":[{"embeddable":true,"href":"https:\/\/tddk.de\/hsb\/wp-json\/wp\/v2\/comments?post=71"}],"version-history":[{"count":4,"href":"https:\/\/tddk.de\/hsb\/wp-json\/wp\/v2\/pages\/71\/revisions"}],"predecessor-version":[{"id":91,"href":"https:\/\/tddk.de\/hsb\/wp-json\/wp\/v2\/pages\/71\/revisions\/91"}],"wp:featuredmedia":[{"embeddable":true,"href":"https:\/\/tddk.de\/hsb\/wp-json\/wp\/v2\/media\/76"}],"wp:attachment":[{"href":"https:\/\/tddk.de\/hsb\/wp-json\/wp\/v2\/media?parent=71"}],"curies":[{"name":"wp","href":"https:\/\/api.w.org\/{rel}","templated":true}]}}