{"id":68,"date":"2024-11-21T17:00:07","date_gmt":"2024-11-21T16:00:07","guid":{"rendered":"https:\/\/tddk.de\/hsb\/?page_id=68"},"modified":"2024-11-21T17:00:07","modified_gmt":"2024-11-21T16:00:07","slug":"stawizny","status":"publish","type":"page","link":"https:\/\/tddk.de\/hsb\/stawizny\/","title":{"rendered":"Stawizny"},"content":{"rendered":"<p>Hromad\u017ae z na\u0161imi ma\u0107ernymi towar\u0161nos\u0107emi zhladuje TDDK na nimale 100-l\u011btne p\u0159edewza\u0107elske stawizny, wot toho \u010dasa bu &#8220;Toyoda Automatic Loom Works&#8221; wot Sakichi Toyody w Japanskej za\u0142o\u017eene.<\/p>\n<p><strong>1998<\/strong><\/p>\n<ul>\n<li>winowc: za\u0142o\u017eenje p\u0159edewza\u0107ow jako Joint Venture Toyota Industries Corporation a Denso Corporation<\/li>\n<li>nazymnik: zahajenje twara fazy 1 (produkcija)<\/li>\n<\/ul>\n<p><strong>2000<\/strong><\/p>\n<ul>\n<li>jutrownik: spo\u010datk produkcije &#8211; pr\u011bni kompresor so kupcej p\u0159epoda<\/li>\n<li>po\u017enjenc: wulka zahajenska swjato\u010dnos\u0107<\/li>\n<\/ul>\n<p><strong>2001<\/strong><\/p>\n<ul>\n<li>nal\u011btnik: zazb\u011bh twara wotr\u011bzka 2 (produkcija)<\/li>\n<\/ul>\n<p><strong>2002<\/strong><\/p>\n<ul>\n<li>nazymnik: spo\u010datk produkcije na 2. zhotowjenskej liniji<\/li>\n<\/ul>\n<p><strong>2003<\/strong><\/p>\n<ul>\n<li>nal\u011btnik: spo\u010datk produkcije wobtwarka na wobd\u017a\u011b\u0142anskej liniji<\/li>\n<\/ul>\n<p><strong>2005<\/strong><\/p>\n<ul>\n<li>r\u00f3\u017eownik: zahajenje twara 3 (\u0107i\u0161\u0107owy zliwk)<\/li>\n<li>winowc: start produkcije na dal\u0161ich wobd\u017a\u011b\u0142anskich linijach<\/li>\n<\/ul>\n<p><strong>2006<\/strong><\/p>\n<ul>\n<li>nal\u011btnik: spo\u010datk produkcije \u0107i\u0161\u0107erskich linijow<\/li>\n<li>hodownik: l\u011btna produkcija p\u0159esahuje pr\u011bni raz 2 milionaj kompresorow<\/li>\n<\/ul>\n<p><strong>2007<\/strong><\/p>\n<ul>\n<li>winowc: produkcija 10-milionoweho kompresora<\/li>\n<li>hodownik: Instalacija olarneje p\u0159iprawy na t\u0159\u011b\u0161e &#8211; tehdy najwjet\u0161a swojeho razu w Europje<\/li>\n<\/ul>\n<p><strong>2008<\/strong><\/p>\n<ul>\n<li>ma\u0142y r\u00f3\u017ek: zazb\u011bh produkcije 3. monta\u017eoweje linije<\/li>\n<li>hodownik: start produkcije p\u0159i dal\u0161ich wobd\u017a\u011b\u0142anskich linijach<\/li>\n<\/ul>\n<p><strong>2009<\/strong><\/p>\n<ul>\n<li>po\u017enjenc: produkcija 15-milionoweho kompresora<\/li>\n<\/ul>\n<p><strong>2011<\/strong><\/p>\n<ul>\n<li>jutrownik: produkcija 20-milionoweho kompresora<\/li>\n<li>po\u017enjenc: zb\u011bhanka twarskeho wotr\u011bzka 4 (logistika)<\/li>\n<\/ul>\n<p><strong>2012<\/strong><\/p>\n<ul>\n<li>pra\u017enik: zb\u011bhanka twarskeje fazy 5 (produkcija)<\/li>\n<\/ul>\n<p><strong>2013<\/strong><\/p>\n<ul>\n<li>po\u017enjenc: spo\u010datk produkcije p\u0159i kuplowanskich linijach<\/li>\n<\/ul>\n<p><strong>2014<\/strong><\/p>\n<ul>\n<li>ma\u0142y r\u00f3\u017ek: produkcija 30- milionoweho kompresora<\/li>\n<li>ma\u0142y r\u00f3\u017ek: zahajenje produkcije 4. monta\u017eoweje linije<\/li>\n<\/ul>\n<p><strong>2015<\/strong><\/p>\n<ul>\n<li>nal\u011btnik: certifikacija po normje 50001<\/li>\n<\/ul>\n<p><strong>2016<\/strong><\/p>\n<ul>\n<li>sma\u017enik: produkcija 40- milionoweho kompresora<\/li>\n<\/ul>\n<p><strong>2017<\/strong><\/p>\n<ul>\n<li>hodownik: spo\u010datk produkcije 6S-rjemjenjoweje ta\u010dele \/ kuplowanska jednotka<\/li>\n<\/ul>\n<p><strong>2018<\/strong><\/p>\n<ul>\n<li>jutrownik: certifikacija po IATF-standardach<\/li>\n<li>\u017enjenc: produkcija 50- milionoweho kompresora<\/li>\n<\/ul>\n<p><strong>2019<\/strong><\/p>\n<ul>\n<li>winowc: produkciske roz\u0161\u011brjenje rjemjenjoweje \/ kuplowanskeje skupiny<\/li>\n<\/ul>\n<p><strong>2020<\/strong><\/p>\n<ul>\n<li>nal\u011btnik: zastajenje dla korony<\/li>\n<\/ul>\n<p><strong>2021<\/strong><\/p>\n<ul>\n<li>po\u017enjenc: 20 + 1 l\u011bt jubilej<\/li>\n<\/ul>\n<p><strong>2022<\/strong><\/p>\n<ul>\n<li>r\u00f3\u017eownik: Certifikacija po normje #45# 2001<\/li>\n<\/ul>\n<p><strong>2023<\/strong><\/p>\n<ul>\n<li>ma\u0142y r\u00f3\u017ek: powo\u0142anje zamow\u0142iteje za serbske nale\u017enos\u0107e<\/li>\n<li>sma\u017enik: zahajenje twara wotr\u011bzka 6<\/li>\n<\/ul>\n","protected":false},"excerpt":{"rendered":"<p>Hromad\u017ae z na\u0161imi ma\u0107ernymi towar\u0161nos\u0107emi zhladuje TDDK na nimale 100-l\u011btne p\u0159edewza\u0107elske stawizny, wot toho \u010dasa bu &#8220;Toyoda Automatic Loom Works&#8221; wot Sakichi Toyody w Japanskej za\u0142o\u017eene. 1998 winowc: za\u0142o\u017eenje p\u0159edewza\u0107ow jako Joint Venture Toyota Industries Corporation a Denso Corporation nazymnik: zahajenje twara fazy 1 (produkcija) 2000 jutrownik: spo\u010datk produkcije &#8211; pr\u011bni kompresor so kupcej p\u0159epoda [&hellip;]<\/p>\n","protected":false},"author":4,"featured_media":69,"parent":0,"menu_order":5,"comment_status":"closed","ping_status":"closed","template":"","meta":{"_acf_changed":false,"footnotes":""},"class_list":["post-68","page","type-page","status-publish","has-post-thumbnail","hentry"],"acf":[],"_links":{"self":[{"href":"https:\/\/tddk.de\/hsb\/wp-json\/wp\/v2\/pages\/68","targetHints":{"allow":["GET"]}}],"collection":[{"href":"https:\/\/tddk.de\/hsb\/wp-json\/wp\/v2\/pages"}],"about":[{"href":"https:\/\/tddk.de\/hsb\/wp-json\/wp\/v2\/types\/page"}],"author":[{"embeddable":true,"href":"https:\/\/tddk.de\/hsb\/wp-json\/wp\/v2\/users\/4"}],"replies":[{"embeddable":true,"href":"https:\/\/tddk.de\/hsb\/wp-json\/wp\/v2\/comments?post=68"}],"version-history":[{"count":1,"href":"https:\/\/tddk.de\/hsb\/wp-json\/wp\/v2\/pages\/68\/revisions"}],"predecessor-version":[{"id":70,"href":"https:\/\/tddk.de\/hsb\/wp-json\/wp\/v2\/pages\/68\/revisions\/70"}],"wp:featuredmedia":[{"embeddable":true,"href":"https:\/\/tddk.de\/hsb\/wp-json\/wp\/v2\/media\/69"}],"wp:attachment":[{"href":"https:\/\/tddk.de\/hsb\/wp-json\/wp\/v2\/media?parent=68"}],"curies":[{"name":"wp","href":"https:\/\/api.w.org\/{rel}","templated":true}]}}