{"id":59,"date":"2024-11-21T16:36:25","date_gmt":"2024-11-21T15:36:25","guid":{"rendered":"https:\/\/tddk.de\/hsb\/?page_id=59"},"modified":"2024-11-21T16:43:00","modified_gmt":"2024-11-21T15:43:00","slug":"produkt","status":"publish","type":"page","link":"https:\/\/tddk.de\/hsb\/produkt\/","title":{"rendered":"Produkt"},"content":{"rendered":"<h3><strong>Klimowe kompresory &#8211; wutrobi\u010dka klimoweje p\u0159iprawy PKWja<\/strong><\/h3>\n<p>Za sw\u00f3j \u010das na sw\u011b\u0107e pr\u011bni swash-platowy kompresor z wariabelnym zb\u011bhom. W\u00f3n je jadro klimoweje p\u0159iprawy a s\u0142u\u017ei zhus\u0107enju zymnotneho sr\u011bdka w ch\u0142\u00f3d\u017aenskim kole klimoweje p\u0159iprawy.<\/p>\n<h3><strong>p\u0159itomnos\u0107 <\/strong><\/h3>\n<p>mechaniski kompresor (zatwarjeny w PKWjach ze spalowacym motorom) z wariabelnym wolumenom za zb\u011bh.<\/p>\n<h3><strong>p\u0159ichod <\/strong><\/h3>\n<p>elektro-kompresor (za elektro-awta)<\/p>\n<h3><strong>Funkcija <\/strong><\/h3>\n<p>Klimowy kompresor p\u0142unojty zymnotny sr\u011bdk z parnika p\u0159isr\u011bba. Kompresor zymnu paru zhus\u0107a a ju z tym s\u0107opli. Wo\u0107opleny zymnotny sr\u011bdk wod\u017ai so potom ke kondensatorej, hd\u017ae\u017e swoju \u0107op\u0142otu zaso wotedawa a bywa p\u0159ez to zaso b\u011b\u017eity.<\/p>\n<ul>\n<li>klimowy cy\u0142k | Klimaeinheit<\/li>\n<li>kompresor | Kompressor<\/li>\n<li>kondensator | Kondensator<\/li>\n<li>dujad\u0142o | Gebl\u00e4se<\/li>\n<li>wuparjak | Verdampfer<\/li>\n<li>ekspansiski wentil | Expansionsventil<\/li>\n<\/ul>\n<p><a href=\"https:\/\/tddk.de\/hsb\/wp-content\/uploads\/sites\/4\/2024\/11\/klimowa-jednotka.png\"><img loading=\"lazy\" decoding=\"async\" class=\"aligncenter size-full wp-image-65\" src=\"https:\/\/tddk.de\/hsb\/wp-content\/uploads\/sites\/4\/2024\/11\/klimowa-jednotka.png\" alt=\"TDDK - klimowa jednotka\" width=\"895\" height=\"567\" srcset=\"https:\/\/tddk.de\/hsb\/wp-content\/uploads\/sites\/4\/2024\/11\/klimowa-jednotka.png 895w, https:\/\/tddk.de\/hsb\/wp-content\/uploads\/sites\/4\/2024\/11\/klimowa-jednotka-300x190.png 300w, https:\/\/tddk.de\/hsb\/wp-content\/uploads\/sites\/4\/2024\/11\/klimowa-jednotka-768x487.png 768w, https:\/\/tddk.de\/hsb\/wp-content\/uploads\/sites\/4\/2024\/11\/klimowa-jednotka-624x395.png 624w\" sizes=\"auto, (max-width: 895px) 100vw, 895px\" \/><\/a><\/p>\n","protected":false},"excerpt":{"rendered":"<p>Klimowe kompresory &#8211; wutrobi\u010dka klimoweje p\u0159iprawy PKWja Za sw\u00f3j \u010das na sw\u011b\u0107e pr\u011bni swash-platowy kompresor z wariabelnym zb\u011bhom. W\u00f3n je jadro klimoweje p\u0159iprawy a s\u0142u\u017ei zhus\u0107enju zymnotneho sr\u011bdka w ch\u0142\u00f3d\u017aenskim kole klimoweje p\u0159iprawy. p\u0159itomnos\u0107 mechaniski kompresor (zatwarjeny w PKWjach ze spalowacym motorom) z wariabelnym wolumenom za zb\u011bh. p\u0159ichod elektro-kompresor (za elektro-awta) Funkcija Klimowy kompresor p\u0142unojty [&hellip;]<\/p>\n","protected":false},"author":4,"featured_media":60,"parent":0,"menu_order":2,"comment_status":"closed","ping_status":"closed","template":"","meta":{"_acf_changed":false,"footnotes":""},"class_list":["post-59","page","type-page","status-publish","has-post-thumbnail","hentry"],"acf":[],"_links":{"self":[{"href":"https:\/\/tddk.de\/hsb\/wp-json\/wp\/v2\/pages\/59","targetHints":{"allow":["GET"]}}],"collection":[{"href":"https:\/\/tddk.de\/hsb\/wp-json\/wp\/v2\/pages"}],"about":[{"href":"https:\/\/tddk.de\/hsb\/wp-json\/wp\/v2\/types\/page"}],"author":[{"embeddable":true,"href":"https:\/\/tddk.de\/hsb\/wp-json\/wp\/v2\/users\/4"}],"replies":[{"embeddable":true,"href":"https:\/\/tddk.de\/hsb\/wp-json\/wp\/v2\/comments?post=59"}],"version-history":[{"count":4,"href":"https:\/\/tddk.de\/hsb\/wp-json\/wp\/v2\/pages\/59\/revisions"}],"predecessor-version":[{"id":67,"href":"https:\/\/tddk.de\/hsb\/wp-json\/wp\/v2\/pages\/59\/revisions\/67"}],"wp:featuredmedia":[{"embeddable":true,"href":"https:\/\/tddk.de\/hsb\/wp-json\/wp\/v2\/media\/60"}],"wp:attachment":[{"href":"https:\/\/tddk.de\/hsb\/wp-json\/wp\/v2\/media?parent=59"}],"curies":[{"name":"wp","href":"https:\/\/api.w.org\/{rel}","templated":true}]}}