{"id":53,"date":"2024-11-21T16:24:06","date_gmt":"2024-11-21T15:24:06","guid":{"rendered":"https:\/\/tddk.de\/hsb\/?page_id=53"},"modified":"2024-11-21T16:37:23","modified_gmt":"2024-11-21T15:37:23","slug":"pruwowana-kwalita","status":"publish","type":"page","link":"https:\/\/tddk.de\/hsb\/pruwowana-kwalita\/","title":{"rendered":"Pruwowana kwalita"},"content":{"rendered":"<h3>Certifikowani po<\/h3>\n<ul>\n<li>ISO IATF 16949 (kwalita)<\/li>\n<li>ISO 9001 (kwalita)<\/li>\n<li>ISO 14001 (wobsw\u011bt)<\/li>\n<li>ISO 45001 (d\u017a\u011b\u0142owa w\u011bstota)<\/li>\n<li>ISO 50001 (energija)<\/li>\n<li>TISAX* (w\u011bstota informacijow VDA)<\/li>\n<\/ul>\n<p>Kwalita so nimo toho p\u0159ez prawid\u0142owne awdity na\u0161ich kupcow wobkru\u0107a.<\/p>\n<h3>Dal\u0161e certifikaty<\/h3>\n<ul>\n<li>AEO**\u00a0 (zawodowa w\u011bstota)<\/li>\n<li>powo\u0142anje a sw\u00f3jba (zjedno\u0107omnos\u0107 powo\u0142anja a sw\u00f3jby)<\/li>\n<\/ul>\n<p>* Trusted Information Security Assessment Exchange<br \/>\n** Authorized Economic Operator<\/p>\n","protected":false},"excerpt":{"rendered":"<p>Certifikowani po ISO IATF 16949 (kwalita) ISO 9001 (kwalita) ISO 14001 (wobsw\u011bt) ISO 45001 (d\u017a\u011b\u0142owa w\u011bstota) ISO 50001 (energija) TISAX* (w\u011bstota informacijow VDA) Kwalita so nimo toho p\u0159ez prawid\u0142owne awdity na\u0161ich kupcow wobkru\u0107a. Dal\u0161e certifikaty AEO**\u00a0 (zawodowa w\u011bstota) powo\u0142anje a sw\u00f3jba (zjedno\u0107omnos\u0107 powo\u0142anja a sw\u00f3jby) * Trusted Information Security Assessment Exchange ** Authorized Economic Operator<\/p>\n","protected":false},"author":4,"featured_media":55,"parent":0,"menu_order":4,"comment_status":"closed","ping_status":"closed","template":"","meta":{"_acf_changed":false,"footnotes":""},"class_list":["post-53","page","type-page","status-publish","has-post-thumbnail","hentry"],"acf":[],"_links":{"self":[{"href":"https:\/\/tddk.de\/hsb\/wp-json\/wp\/v2\/pages\/53","targetHints":{"allow":["GET"]}}],"collection":[{"href":"https:\/\/tddk.de\/hsb\/wp-json\/wp\/v2\/pages"}],"about":[{"href":"https:\/\/tddk.de\/hsb\/wp-json\/wp\/v2\/types\/page"}],"author":[{"embeddable":true,"href":"https:\/\/tddk.de\/hsb\/wp-json\/wp\/v2\/users\/4"}],"replies":[{"embeddable":true,"href":"https:\/\/tddk.de\/hsb\/wp-json\/wp\/v2\/comments?post=53"}],"version-history":[{"count":3,"href":"https:\/\/tddk.de\/hsb\/wp-json\/wp\/v2\/pages\/53\/revisions"}],"predecessor-version":[{"id":63,"href":"https:\/\/tddk.de\/hsb\/wp-json\/wp\/v2\/pages\/53\/revisions\/63"}],"wp:featuredmedia":[{"embeddable":true,"href":"https:\/\/tddk.de\/hsb\/wp-json\/wp\/v2\/media\/55"}],"wp:attachment":[{"href":"https:\/\/tddk.de\/hsb\/wp-json\/wp\/v2\/media?parent=53"}],"curies":[{"name":"wp","href":"https:\/\/api.w.org\/{rel}","templated":true}]}}