{"id":43,"date":"2024-10-26T20:12:58","date_gmt":"2024-10-26T18:12:58","guid":{"rendered":"https:\/\/tddk.de\/hsb\/?page_id=43"},"modified":"2024-10-26T20:12:58","modified_gmt":"2024-10-26T18:12:58","slug":"predewzace","status":"publish","type":"page","link":"https:\/\/tddk.de\/hsb\/predewzace\/","title":{"rendered":"P\u0159edewza\u0107e"},"content":{"rendered":"<p>TD Deutsche Klimakompresor tzwr (TDDK) bu w awgus\u0107e 1998 za\u0142o\u017eena a produkuje wot apryla 2000. Smy d\u017aowka mjenowaneju japanskeju firmow.<\/p>\n<p>Produkujemy p\u0159ewa\u017enje z p\u0159iprawami, kotre\u017e buchu w Japanskej wuwite a konstruowane. Na\u0161e produkty dodawamy wuznamnym europskim zhotowjerjam, ka\u017e Daimlera, BMW, Audi, VW-skupinu, Opel, Renault, Peugeot, Toyotu, Nissan, Ford abo Fiat. Transparentny system zaru\u010denja kwality postaja standardy, kotre\u017e so na absolutnu perfekciju orientuja.<\/p>\n<p>Zapo\u010dejo z le\u0107om aluminijoweho wobtwarka zhotowjeja so kompresory na awtomatizowanych wobd\u017a\u011b\u0142anskich a monta\u017eowych linijach we wulkoserijach.<\/p>\n<p>Wusp\u011bch na\u0161eje firmy njezale\u017ei jeno\u017e na wukonliwych wud\u017a\u011b\u0142kach a wysoce technizowanych technologijach produkcije, ale bazuje te\u017e na w\u0161\u011bdnych napinanjach na\u0161ich motiwowanych sobud\u017a\u011b\u0142a\u0107erjow.<\/p>\n<h3><strong>Na\u0161a zamo\u0142witos\u0107 za wobsw\u011bt<\/strong><\/h3>\n<p>Aktiwne sp\u011bchowanje wobsw\u011bt \u0161kitacych naprawow je zak\u0142ad p\u0159edewza\u0107elskeje politiki TDDK. TDDK so zawjazuje, wobsw\u011bt \u0161kita\u0107, po\u0107e\u017eowanje wobsw\u011bta wo-be\u0144\u0107 a stajne pol\u011bp\u0161owanje systema wobsw\u011btoweho managementa sp\u011bchowa\u0107.<\/p>\n<h3>Na\u0161ej ma\u0107ernej firmje<\/h3>\n<h4>TOYOTA<\/h4>\n<ul>\n<li>pochad: tekstilna industrija (patentowane awtomatiske krosna)<\/li>\n<li>d\u017aensni\u0161e dal\u0161e wobchodniske ha\u0142\u017eki: transport materialijow (staplerowa industrija), j\u011bzd\u017aid\u0142owa industrija (j\u011bzd\u017aid\u0142a, motory, klimowe kompresory, elektronika)<\/li>\n<\/ul>\n<h4><strong>DENSO<\/strong><\/h4>\n<ul>\n<li>awtomobilowa industrija: elektronika, wod\u017aenske, klimowe, informaciske a w\u011bstotne systemy, ma\u0142e motory<\/li>\n<li>konsumowe a industrijne twory<\/li>\n<li>sl\u011bd\u017aenje a wuwiwanje nowych wobchodniskich ha\u0142uzow<\/li>\n<\/ul>\n<p><a href=\"https:\/\/tddk.de\/hsb\/wp-content\/uploads\/sites\/4\/2024\/10\/TDDK-night.jpg\"><img loading=\"lazy\" decoding=\"async\" class=\"aligncenter size-full wp-image-45\" src=\"https:\/\/tddk.de\/hsb\/wp-content\/uploads\/sites\/4\/2024\/10\/TDDK-night.jpg\" alt=\"\" width=\"1198\" height=\"768\" srcset=\"https:\/\/tddk.de\/hsb\/wp-content\/uploads\/sites\/4\/2024\/10\/TDDK-night.jpg 1198w, https:\/\/tddk.de\/hsb\/wp-content\/uploads\/sites\/4\/2024\/10\/TDDK-night-300x192.jpg 300w, https:\/\/tddk.de\/hsb\/wp-content\/uploads\/sites\/4\/2024\/10\/TDDK-night-1024x656.jpg 1024w, https:\/\/tddk.de\/hsb\/wp-content\/uploads\/sites\/4\/2024\/10\/TDDK-night-768x492.jpg 768w, https:\/\/tddk.de\/hsb\/wp-content\/uploads\/sites\/4\/2024\/10\/TDDK-night-624x400.jpg 624w\" sizes=\"auto, (max-width: 1198px) 100vw, 1198px\" \/><\/a><\/p>\n","protected":false},"excerpt":{"rendered":"<p>TD Deutsche Klimakompresor tzwr (TDDK) bu w awgus\u0107e 1998 za\u0142o\u017eena a produkuje wot apryla 2000. Smy d\u017aowka mjenowaneju japanskeju firmow. Produkujemy p\u0159ewa\u017enje z p\u0159iprawami, kotre\u017e buchu w Japanskej wuwite a konstruowane. Na\u0161e produkty dodawamy wuznamnym europskim zhotowjerjam, ka\u017e Daimlera, BMW, Audi, VW-skupinu, Opel, Renault, Peugeot, Toyotu, Nissan, Ford abo Fiat. Transparentny system zaru\u010denja kwality postaja [&hellip;]<\/p>\n","protected":false},"author":4,"featured_media":44,"parent":0,"menu_order":1,"comment_status":"closed","ping_status":"closed","template":"","meta":{"_acf_changed":false,"footnotes":""},"class_list":["post-43","page","type-page","status-publish","has-post-thumbnail","hentry"],"acf":[],"_links":{"self":[{"href":"https:\/\/tddk.de\/hsb\/wp-json\/wp\/v2\/pages\/43","targetHints":{"allow":["GET"]}}],"collection":[{"href":"https:\/\/tddk.de\/hsb\/wp-json\/wp\/v2\/pages"}],"about":[{"href":"https:\/\/tddk.de\/hsb\/wp-json\/wp\/v2\/types\/page"}],"author":[{"embeddable":true,"href":"https:\/\/tddk.de\/hsb\/wp-json\/wp\/v2\/users\/4"}],"replies":[{"embeddable":true,"href":"https:\/\/tddk.de\/hsb\/wp-json\/wp\/v2\/comments?post=43"}],"version-history":[{"count":3,"href":"https:\/\/tddk.de\/hsb\/wp-json\/wp\/v2\/pages\/43\/revisions"}],"predecessor-version":[{"id":48,"href":"https:\/\/tddk.de\/hsb\/wp-json\/wp\/v2\/pages\/43\/revisions\/48"}],"wp:featuredmedia":[{"embeddable":true,"href":"https:\/\/tddk.de\/hsb\/wp-json\/wp\/v2\/media\/44"}],"wp:attachment":[{"href":"https:\/\/tddk.de\/hsb\/wp-json\/wp\/v2\/media?parent=43"}],"curies":[{"name":"wp","href":"https:\/\/api.w.org\/{rel}","templated":true}]}}