{"id":39,"date":"2024-10-26T19:44:33","date_gmt":"2024-10-26T17:44:33","guid":{"rendered":"https:\/\/tddk.de\/hsb\/?page_id=39"},"modified":"2024-12-17T13:10:19","modified_gmt":"2024-12-17T12:10:19","slug":"witajce","status":"publish","type":"page","link":"https:\/\/tddk.de\/hsb\/","title":{"rendered":""},"content":{"rendered":"<p>TD Deutsche Klimakompresor tzwr (TDDK) je p\u0159edewza\u0107e japanskeju awtomobilneju dodawarjow Toyota Industries Corporation a Denso Corporation a wod\u017aacy zhotowjer kompresorow za j\u011bzd\u017aid\u0142owe klimowe p\u0159iprawy w Europje.<\/p>\n<!-- NOTE: If you need to make changes to this file, copy it to your current theme's main\r\n\tdirectory so your changes won't be overwritten when the plugin is upgraded. -->\r\n\r\n<!-- Start of Post Wrap -->\r\n<div class=\"post hentry ivycat-post\">\r\n\t<!-- This is the output of the post TITLE -->\r\n\t<h2 class=\"entry-title\"><a href=\"https:\/\/tddk.de\/hsb\/2025\/12\/15\/15-12-2025-wjesole-swjate-dny\/\">15.12.2025: Wjeso\u0142e swjate dny!<\/a><\/h2>\r\n\r\n\t<!-- This is the output of the EXCERPT -->\r\n\t<div class=\"entry-summary\">\r\n\t\t\t\t<p><img loading=\"lazy\" decoding=\"async\" class=\"aligncenter size-full wp-image-166\" src=\"https:\/\/tddk.de\/hsb\/wp-content\/uploads\/sites\/4\/2025\/12\/20251215-weihnachten-scaled.jpg\" alt=\"TDDK - Wjeso\u0142e swjate dny!\" width=\"2560\" height=\"896\" srcset=\"https:\/\/tddk.de\/hsb\/wp-content\/uploads\/sites\/4\/2025\/12\/20251215-weihnachten-scaled.jpg 2560w, https:\/\/tddk.de\/hsb\/wp-content\/uploads\/sites\/4\/2025\/12\/20251215-weihnachten-300x105.jpg 300w, https:\/\/tddk.de\/hsb\/wp-content\/uploads\/sites\/4\/2025\/12\/20251215-weihnachten-1024x358.jpg 1024w, https:\/\/tddk.de\/hsb\/wp-content\/uploads\/sites\/4\/2025\/12\/20251215-weihnachten-768x269.jpg 768w, https:\/\/tddk.de\/hsb\/wp-content\/uploads\/sites\/4\/2025\/12\/20251215-weihnachten-1536x538.jpg 1536w, https:\/\/tddk.de\/hsb\/wp-content\/uploads\/sites\/4\/2025\/12\/20251215-weihnachten-2048x717.jpg 2048w, https:\/\/tddk.de\/hsb\/wp-content\/uploads\/sites\/4\/2025\/12\/20251215-weihnachten-624x218.jpg 624w\" sizes=\"auto, (max-width: 2560px) 100vw, 2560px\" \/><\/p>\n\t<\/div>\r\n\r\n\t<!-- This is the output of the META information -->\r\n\t<div class=\"entry-utility\">\r\n\t\t\t\t\t<\/div>\r\n<\/div>\r\n<!-- \/\/ End of Post Wrap -->\r\n<!-- NOTE: If you need to make changes to this file, copy it to your current theme's main\r\n\tdirectory so your changes won't be overwritten when the plugin is upgraded. -->\r\n\r\n<!-- Start of Post Wrap -->\r\n<div class=\"post hentry ivycat-post\">\r\n\t<!-- This is the output of the post TITLE -->\r\n\t<h2 class=\"entry-title\"><a href=\"https:\/\/tddk.de\/hsb\/2025\/12\/03\/15-11-2025-serbski-hospodarski-forum-2025\/\">15.11.2025: Serbski hospodarski forum 2025<\/a><\/h2>\r\n\r\n\t<!-- This is the output of the EXCERPT -->\r\n\t<div class=\"entry-summary\">\r\n\t\t\t\t<p><img loading=\"lazy\" decoding=\"async\" class=\"aligncenter size-full wp-image-162\" src=\"https:\/\/tddk.de\/hsb\/wp-content\/uploads\/sites\/4\/2025\/11\/Post_HP-1-scaled.jpg\" alt=\"TDDK - Pr\u011bni raz Myto za hospodarstwo spo\u017e\u010dene\" width=\"2560\" height=\"896\" srcset=\"https:\/\/tddk.de\/hsb\/wp-content\/uploads\/sites\/4\/2025\/11\/Post_HP-1-scaled.jpg 2560w, https:\/\/tddk.de\/hsb\/wp-content\/uploads\/sites\/4\/2025\/11\/Post_HP-1-300x105.jpg 300w, https:\/\/tddk.de\/hsb\/wp-content\/uploads\/sites\/4\/2025\/11\/Post_HP-1-1024x358.jpg 1024w, https:\/\/tddk.de\/hsb\/wp-content\/uploads\/sites\/4\/2025\/11\/Post_HP-1-768x269.jpg 768w, https:\/\/tddk.de\/hsb\/wp-content\/uploads\/sites\/4\/2025\/11\/Post_HP-1-1536x538.jpg 1536w, https:\/\/tddk.de\/hsb\/wp-content\/uploads\/sites\/4\/2025\/11\/Post_HP-1-2048x717.jpg 2048w, https:\/\/tddk.de\/hsb\/wp-content\/uploads\/sites\/4\/2025\/11\/Post_HP-1-624x218.jpg 624w\" sizes=\"auto, (max-width: 2560px) 100vw, 2560px\" \/><\/p>\n<p>P\u00f3nd\u017aelu, 10.11.2025, wotm\u011b so w Krabatowym m\u0142ynje Serbski hospodarski forum 2025. N\u011bhd\u017ae 65 zastupjerkow a zastupjerjow hospodarstwa, kultury a politiki so schad\u017aowa, zo bychu wo \u0161ansach dwur\u011b\u010dnos\u0107e we \u0141u\u017eicy, nowych serbskich p\u0159edewza\u0107elskich iniciatiwach a sylnjenju regionalneje identity diskutowali. P\u0159eprosyli b\u011bchu Kulturny centrum Krabatowy m\u0142yn, TDK-zawod ka\u017e te\u017e Domowina.<\/p>\n<p>Wosebity wjer\u0161k b\u011b swjato\u010dne spo\u017e\u010denje Serbskeho hospodarskeho myta. Po tym sl\u011bdowachu wjacore fachowe p\u0159edno\u0161ki \u2013 mjez druhim k wuznamej serbskeje kuchnje, k aktualnym wusl\u011bdkam \u0141u\u017eiskeho monitora z \u0107e\u017ei\u0161\u0107om hospodarstwo, k p\u0159edstajenju projekta ZARI ka\u017e te\u017e k nowym m\u00f3\u017enos\u0107am powo\u0142anskich wikow na Ralbi\u010danskej wy\u0161ej \u0161uli.<\/p>\n<p>Carolina M\u011br\u0161owa, zamo\u0142wita za serbske nale\u017enos\u0107e pola TDDK, prezentowa\u0161e zhromadnje ze Gesine Kutter, prokuristku firmy Corporate friends, nowu sy\u0107 serbskich p\u0159edewza\u0107elkow a p\u0159edewza\u0107elow. Pod wod\u017aacym motiwom \u201eSerbstwo.Hospodarstwo.P\u0159ichod\u201c namo\u0142wjeja woni k aktiwnemu zhromadnemu d\u017a\u011b\u0142u.<\/p>\n<hr \/>\n<p>&nbsp;<\/p>\n\t<\/div>\r\n\r\n\t<!-- This is the output of the META information -->\r\n\t<div class=\"entry-utility\">\r\n\t\t\t\t\t<\/div>\r\n<\/div>\r\n<!-- \/\/ End of Post Wrap -->\r\n<!-- NOTE: If you need to make changes to this file, copy it to your current theme's main\r\n\tdirectory so your changes won't be overwritten when the plugin is upgraded. -->\r\n\r\n<!-- Start of Post Wrap -->\r\n<div class=\"post hentry ivycat-post\">\r\n\t<!-- This is the output of the post TITLE -->\r\n\t<h2 class=\"entry-title\"><a href=\"https:\/\/tddk.de\/hsb\/2025\/11\/07\/29-10-2025-witachmy-skupinu-domoj-zari-domowiny-pola-tddk\/\">29.10.2025: witachmy skupinu \u201eDomoj\u201c ZARI-domowiny pola TDDK<\/a><\/h2>\r\n\r\n\t<!-- This is the output of the EXCERPT -->\r\n\t<div class=\"entry-summary\">\r\n\t\t\t\t<p><img loading=\"lazy\" decoding=\"async\" class=\"aligncenter size-full wp-image-155\" src=\"https:\/\/tddk.de\/hsb\/wp-content\/uploads\/sites\/4\/2025\/11\/Post_HP-scaled.jpg\" alt=\"TDDK - witachmy skupinu \u201eDomoj\u201c ZARI-domowiny pola TDDK\" width=\"2560\" height=\"896\" srcset=\"https:\/\/tddk.de\/hsb\/wp-content\/uploads\/sites\/4\/2025\/11\/Post_HP-scaled.jpg 2560w, https:\/\/tddk.de\/hsb\/wp-content\/uploads\/sites\/4\/2025\/11\/Post_HP-300x105.jpg 300w, https:\/\/tddk.de\/hsb\/wp-content\/uploads\/sites\/4\/2025\/11\/Post_HP-1024x358.jpg 1024w, https:\/\/tddk.de\/hsb\/wp-content\/uploads\/sites\/4\/2025\/11\/Post_HP-768x269.jpg 768w, https:\/\/tddk.de\/hsb\/wp-content\/uploads\/sites\/4\/2025\/11\/Post_HP-1536x537.jpg 1536w, https:\/\/tddk.de\/hsb\/wp-content\/uploads\/sites\/4\/2025\/11\/Post_HP-2048x717.jpg 2048w, https:\/\/tddk.de\/hsb\/wp-content\/uploads\/sites\/4\/2025\/11\/Post_HP-624x218.jpg 624w\" sizes=\"auto, (max-width: 2560px) 100vw, 2560px\" \/><\/p>\n<p>J\u011bdna\u0107e anga\u017eowanych doros\u0107enych w\u011bnuje so hi\u017eo d\u017aewje\u0107 m\u011bsacow dospo\u0142nje nawuknjenju serbskeje r\u011b\u010de a poh\u0142ub\u0161a swoje znajomos\u0107e z wulkej zahoritos\u0107u. K\u00f3\u017eda a k\u00f3\u017edy wobd\u017a\u011bleny ma p\u0159i tym wosobinski zam\u011br: serbsce aktiwnje r\u011b\u010de\u0107 a we w\u0161\u011bdnym dnju \u017eiwy by\u0107. Po tym wotm\u011b so w zwu\u010dowanskej rumnos\u0107i\u00a0 (BA6) dalekub\u0142anje we wob\u0142uku gramatiki. Wjeselimy so jara nad zajimom, motiwaciju a zhromadnym anga\u017eementom za na\u0161u mje\u0144\u0161inowu r\u011b\u010d!<\/p>\n<p>ZARI je projekt pod no\u0161erstwom Domowiny \u2013 Zwjazka \u0141u\u017eiskich Serbow, kotry\u017e wot 2022 b\u011b\u017ei. Zam\u011br projekta je rewitalizacija serbskeje r\u011b\u010de a regionalneje identity we \u0141u\u017eicy. Jedyn do\u0142hodobny zam\u011br r\u011bka: ha\u010d do l\u011bta 2100 ma w regionje n\u011bhd\u017ae 100.000 lud\u017ai dawa\u0107, kot\u0159i\u017e serbsce r\u011b\u010da.<\/p>\n<p>We wob\u0142uku ZARI realizuja so wjacore komponenty, mj. dr.: R\u011b\u010dne kub\u0142anje za doros\u0107enych, kot\u0159i\u017e chced\u017aa serb\u0161\u0107inu wukny\u0107. Motiwacija a p\u0159ewod lud\u017ai, kot\u0159i\u017e so z r\u011b\u010du a identitu zab\u011braja (\u201er\u011b\u010dni motiwatorojo\u201c) we w\u0161elakich regionach. D\u017a\u011b\u0142o kultury a towarstwa: podp\u011bra towarstwow a sy\u0107ow, zo njeby serb\u0161\u0107ina jeno\u017e r\u011b\u010d wosta\u0142a, ale so sta\u0142a d\u017a\u011bl \u017eiweje zhromadnos\u0107e.<\/p>\n\t<\/div>\r\n\r\n\t<!-- This is the output of the META information -->\r\n\t<div class=\"entry-utility\">\r\n\t\t\t\t\t<\/div>\r\n<\/div>\r\n<!-- \/\/ End of Post Wrap -->\r\n\n","protected":false},"excerpt":{"rendered":"<p>TD Deutsche Klimakompresor tzwr (TDDK) je p\u0159edewza\u0107e japanskeju awtomobilneju dodawarjow Toyota Industries Corporation a Denso Corporation a wod\u017aacy zhotowjer kompresorow za j\u011bzd\u017aid\u0142owe klimowe p\u0159iprawy w Europje.<\/p>\n","protected":false},"author":4,"featured_media":37,"parent":0,"menu_order":0,"comment_status":"closed","ping_status":"closed","template":"","meta":{"_acf_changed":false,"footnotes":""},"class_list":["post-39","page","type-page","status-publish","has-post-thumbnail","hentry"],"acf":[],"_links":{"self":[{"href":"https:\/\/tddk.de\/hsb\/wp-json\/wp\/v2\/pages\/39","targetHints":{"allow":["GET"]}}],"collection":[{"href":"https:\/\/tddk.de\/hsb\/wp-json\/wp\/v2\/pages"}],"about":[{"href":"https:\/\/tddk.de\/hsb\/wp-json\/wp\/v2\/types\/page"}],"author":[{"embeddable":true,"href":"https:\/\/tddk.de\/hsb\/wp-json\/wp\/v2\/users\/4"}],"replies":[{"embeddable":true,"href":"https:\/\/tddk.de\/hsb\/wp-json\/wp\/v2\/comments?post=39"}],"version-history":[{"count":4,"href":"https:\/\/tddk.de\/hsb\/wp-json\/wp\/v2\/pages\/39\/revisions"}],"predecessor-version":[{"id":127,"href":"https:\/\/tddk.de\/hsb\/wp-json\/wp\/v2\/pages\/39\/revisions\/127"}],"wp:featuredmedia":[{"embeddable":true,"href":"https:\/\/tddk.de\/hsb\/wp-json\/wp\/v2\/media\/37"}],"wp:attachment":[{"href":"https:\/\/tddk.de\/hsb\/wp-json\/wp\/v2\/media?parent=39"}],"curies":[{"name":"wp","href":"https:\/\/api.w.org\/{rel}","templated":true}]}}